{"id":434,"date":"2023-03-30T07:32:52","date_gmt":"2023-03-30T07:32:52","guid":{"rendered":"https:\/\/btsdc08.lnbd.lu\/?page_id=434"},"modified":"2023-04-19T15:00:02","modified_gmt":"2023-04-19T15:00:02","slug":"historique","status":"publish","type":"page","link":"https:\/\/btsdc08.lnbd.lu\/?page_id=434","title":{"rendered":"Historique"},"content":{"rendered":"\n<p>La fin de l\u2019ann\u00e9e 1894 donna le r\u00e9veil \u00e0 une nouvelle soci\u00e9t\u00e9. Le besoin des r\u00e9unions amicales avait rassembl\u00e9 un certain nombre d\u2019amateurs de chant et de musique qui se constitu\u00e8rent en soci\u00e9t\u00e9 \u00e0 laquelle ils donn\u00e8rent de nom de \u00ab&nbsp;UELZECHT&nbsp;\u00bb.<\/p>\n\n\n\n<p>Les membres fondateurs \u00e9taient au nombre de 20. Pour gagner des adh\u00e9rents \u00e0 la nouvelle soci\u00e9t\u00e9, ils firent circuler dans le public l\u2019invitation suivante:<\/p>\n\n\n\n<p>\u00ab&nbsp;Freunde und G\u00f6nner des Gesanges, welche w\u00fcnschen dem Vereine beizutreten, wollen dieses Formular ausf\u00fcllen sowie baldm\u00f6glichst an die Gesellschaft retournieren.&nbsp;\u00bb<\/p>\n\n\n\n<p>Cet appel eut pour effet de r\u00e9unir 35 membres actifs et 4O membres inactifs. Dans la premi\u00e8re assembl\u00e9e g\u00e9n\u00e9rale le 20 janvier 1895 le comit\u00e9 suivant fut \u00e9lu:<\/p>\n\n\n\n<p>MM.: J. Ries-Schaack pr\u00e9sident,<\/p>\n\n\n\n<p>F\u00e9lix Krein vice-pr\u00e9sident,<\/p>\n\n\n\n<p>Jos. Frank-Stoffel secr\u00e9taire,<\/p>\n\n\n\n<ol class=\"wp-block-list\">\n<li>Aerts caissier,<\/li>\n\n\n\n<li>Schaack-Wirth adjoint,<\/li>\n\n\n\n<li>Leclerc adjoint,<\/li>\n\n\n\n<li>Hames adjoint<\/li>\n<\/ol>\n\n\n\n<p>Pendant cette p\u00e9riode les r\u00e9p\u00e9titions de chant furent dirig\u00e9es par Monsieur Nic. Hoffmann-Schaedgen, et la premi\u00e8re soir\u00e9e chorale et th\u00e9\u00e2trale eut lieu dimanche le 16 juin 1895 dans la grande salle Boltgen.<\/p>\n\n\n\n<p>Cette soir\u00e9e eut un plein succ\u00e8s. La salle \u00e9tait trop petite pour contenir le monde qui se pressait a la porte, et le besoin d\u2019une nouvelle salle des f\u00eates s\u2019imposa pour la premi\u00e8re fois.<\/p>\n\n\n\n<p>A cette \u00e9poque les membres actifs formaient une section de chant et une section th\u00e9\u00e2trale. Peu \u00e0 peu la premi\u00e8re l\u2019emporta sur la seconde et toute la soci\u00e9t\u00e9 prit le caract\u00e8re d\u2019une soci\u00e9t\u00e9 chorale.<\/p>\n\n\n\n<p>Au Festival organis\u00e9 \u00e0 l\u2019occasion du concours de l\u2019 \u201cUnion Grand-Duc Adolphe\u201d, le 14 juillet 1895, l\u2019 \u201cUelzecht\u201d participa au cort\u00e8ge des soci\u00e9t\u00e9s; \u00e0 3 heures de l\u2019apr\u00e8s-midi elle donna un concert sur le nouveau kiosque de la place<\/p>\n\n\n\n<p>de l\u2019H\u00f4tel de Ville sous la direction de Monsieur Nic. Hoffmann-Schaedgen. Quand la nouvelle salle des f\u00eates \u00e0 l\u2019H\u00f4tel de Ville fut inaugur\u00e9e, l\u2019 \u201cUelzecht\u201d \u00e9tait parmi les premi\u00e8res soci\u00e9t\u00e9s \u00e0 organiser des concerts.<\/p>\n\n\n\n<p>La crise industrielle qui pesa sur la vie \u00e9conomique de la ville d\u2019Esch vers 1901 avait aussi son reflet sur la vie sociale: les r\u00e9unions amicales n\u2019avaient plus le m\u00eame entrain.<\/p>\n\n\n\n<p>L\u2019 \u201cUelzecht\u201d traversa \u00e0 cette \u00e9poque une crise tellement aigue qu\u2019elle \u00e9tait sur le point de se dissoudre. Elle se releva cependant gr\u00e2ce aux efforts des membres actifs. La liste des chanteurs fut r\u00e9vis\u00e9e et purg\u00e9e; un r\u00e8glement d\u2019ordre int\u00e9rieur fut \u00e9tabli et visait principalement la fr\u00e9quentation des&nbsp;r\u00e9p\u00e9titions. Un nouvel \u00e9lan se produisit et en 1902 le nombre des membres actifs monta de 30 \u00e0 50. Les r\u00e9unions amicales et les concerts \u00e9taient tr\u00e8s nombreux pendant les ann\u00e9es suivantes et l\u2019 \u201cUelzecht\u201d avait acquis une renomm\u00e9e qui s\u2019\u00e9tendait d\u00e9j\u00e0 au-del\u00e0 de la ville d\u2019Esch.<\/p>\n\n\n\n<p>Au commencement de la premi\u00e8re guerre mondiale la soci\u00e9t\u00e9 \u201cUelzecht\u201d \u00e9tait parmi les premi\u00e8res \u00e0 prendre l\u2019initiative pour secourir la population en d\u00e9tresse en organisant des concerts de bienfaisance en commun avec la soci\u00e9t\u00e9 de Musique Municipale et le Cercle Symphonique. Le concert populaire du 5 f\u00e9vrier 1916 eut son retentissement dans toutes les classes de la population. Dans ces temps d\u2019oppression les citoyens luxembourgeois aspiraient vers des airs de libert\u00e9, puis\u00e9s par nos auteurs dans l\u2019\u00e2me du peuple.<\/p>\n\n\n\n<p>En 1920 l\u2019 \u201cUelzecht\u201d c\u00e9l\u00e9bra l\u2019anniversaire de ses 25 ann\u00e9es d\u2019existence. Durant la p\u00e9riode allant du 25<sup>i\u00e8me<\/sup>&nbsp;au 50i\u00e8me anniversaire, l\u2019activit\u00e9 s\u2019est non seulement maintenue mais elle s\u2019est consid\u00e9rablement accrue. La maturit\u00e9 de la soci\u00e9t\u00e9 s\u2019est affermie par une ardeur enthousiasm\u00e9e et par de magnifiques r\u00e9sultats.<\/p>\n\n\n\n<p>Apr\u00e8s le premier grand concert en 1920, l\u2019 \u201cUelzecht\u201d sortit de la r\u00e9serve qui pr\u00e9dominait pendant la premi\u00e8re \u00e9tape; par le jeu harmonieusement combin\u00e9 des grands concerts et des excursions \u00e0 l\u2019\u00e9tranger, par la valeur des r\u00e9sultats obtenus aux concours son prestige et sa renomm\u00e9e augmentaient d\u2019ann\u00e9e en ann\u00e9e. Le rapide accroissement du nombre des soci\u00e9taires, commenc\u00e9 en 1920 a \u00e9t\u00e9 surpass\u00e9 par celui apr\u00e8s la guerre en 1945: d\u00e9but 1940 l\u2019 \u201cUelzecht\u201d avait 489 membres, fin 1945 elle en avait 875.<\/p>\n\n\n\n<figure class=\"wp-block-gallery has-nested-images columns-default is-cropped wp-block-gallery-1 is-layout-flex wp-block-gallery-is-layout-flex\">\n<figure class=\"wp-block-image size-large\"><img loading=\"lazy\" decoding=\"async\" width=\"300\" height=\"135\" data-id=\"306\" src=\"https:\/\/btsdc08.lnbd.lu\/wp-content\/uploads\/2023\/03\/WhatsApp-Image-2023-03-08-at-14.00.30-12.jpeg\" alt=\"\" class=\"wp-image-306\"\/><\/figure>\n\n\n\n<figure class=\"wp-block-image size-large\"><img loading=\"lazy\" decoding=\"async\" width=\"300\" height=\"201\" data-id=\"305\" src=\"https:\/\/btsdc08.lnbd.lu\/wp-content\/uploads\/2023\/03\/WhatsApp-Image-2023-03-08-at-14.00.30-14.jpeg\" alt=\"\" class=\"wp-image-305\"\/><\/figure>\n\n\n\n<figure class=\"wp-block-image size-large\"><img loading=\"lazy\" decoding=\"async\" width=\"300\" height=\"214\" data-id=\"304\" src=\"https:\/\/btsdc08.lnbd.lu\/wp-content\/uploads\/2023\/03\/WhatsApp-Image-2023-03-08-at-14.00.30-13.jpeg\" alt=\"\" class=\"wp-image-304\"\/><\/figure>\n\n\n\n<figure class=\"wp-block-image size-large\"><img loading=\"lazy\" decoding=\"async\" width=\"300\" height=\"205\" data-id=\"303\" src=\"https:\/\/btsdc08.lnbd.lu\/wp-content\/uploads\/2023\/03\/WhatsApp-Image-2023-03-08-at-14.00.30-11.jpeg\" alt=\"\" class=\"wp-image-303\"\/><\/figure>\n\n\n\n<figure class=\"wp-block-image size-large\"><img loading=\"lazy\" decoding=\"async\" width=\"300\" height=\"200\" data-id=\"302\" src=\"https:\/\/btsdc08.lnbd.lu\/wp-content\/uploads\/2023\/03\/WhatsApp-Image-2023-03-08-at-14.00.30-15.jpeg\" alt=\"\" class=\"wp-image-302\"\/><\/figure>\n\n\n\n<figure class=\"wp-block-image size-large\"><img loading=\"lazy\" decoding=\"async\" width=\"1024\" height=\"588\" data-id=\"57\" src=\"https:\/\/btsdc08.lnbd.lu\/wp-content\/uploads\/2022\/12\/choral-1024x588.jpeg\" alt=\"\" class=\"wp-image-57\" srcset=\"https:\/\/btsdc08.lnbd.lu\/wp-content\/uploads\/2022\/12\/choral-1024x588.jpeg 1024w, https:\/\/btsdc08.lnbd.lu\/wp-content\/uploads\/2022\/12\/choral-300x172.jpeg 300w, https:\/\/btsdc08.lnbd.lu\/wp-content\/uploads\/2022\/12\/choral-768x441.jpeg 768w, https:\/\/btsdc08.lnbd.lu\/wp-content\/uploads\/2022\/12\/choral.jpeg 1207w\" sizes=\"auto, (max-width: 709px) 85vw, (max-width: 909px) 67vw, (max-width: 1362px) 62vw, 840px\" \/><\/figure>\n\n\n\n<figure class=\"wp-block-image size-large\"><img loading=\"lazy\" decoding=\"async\" width=\"300\" height=\"211\" data-id=\"301\" src=\"https:\/\/btsdc08.lnbd.lu\/wp-content\/uploads\/2023\/03\/WhatsApp-Image-2023-03-08-at-14.00.30-10.jpeg\" alt=\"\" class=\"wp-image-301\"\/><\/figure>\n\n\n\n<figure class=\"wp-block-image size-large\"><img loading=\"lazy\" decoding=\"async\" width=\"166\" height=\"300\" data-id=\"307\" src=\"https:\/\/btsdc08.lnbd.lu\/wp-content\/uploads\/2023\/03\/WhatsApp-Image-2023-03-08-at-14.00.30-8.jpeg\" alt=\"\" class=\"wp-image-307\"\/><\/figure>\n\n\n\n<figure class=\"wp-block-image size-large\"><img loading=\"lazy\" decoding=\"async\" width=\"300\" height=\"236\" data-id=\"308\" src=\"https:\/\/btsdc08.lnbd.lu\/wp-content\/uploads\/2023\/03\/WhatsApp-Image-2023-03-08-at-14.00.30-9.jpeg\" alt=\"\" class=\"wp-image-308\"\/><\/figure>\n\n\n\n<figure class=\"wp-block-image size-large\"><img loading=\"lazy\" decoding=\"async\" width=\"768\" height=\"367\" data-id=\"154\" src=\"https:\/\/btsdc08.lnbd.lu\/wp-content\/uploads\/2023\/01\/chral-uelzecht.jpg\" alt=\"\" class=\"wp-image-154\" srcset=\"https:\/\/btsdc08.lnbd.lu\/wp-content\/uploads\/2023\/01\/chral-uelzecht.jpg 768w, https:\/\/btsdc08.lnbd.lu\/wp-content\/uploads\/2023\/01\/chral-uelzecht-300x143.jpg 300w\" sizes=\"auto, (max-width: 768px) 85vw, 768px\" \/><\/figure>\n\n\n\n<figure class=\"wp-block-image size-large\"><img loading=\"lazy\" decoding=\"async\" width=\"300\" height=\"211\" data-id=\"316\" src=\"https:\/\/btsdc08.lnbd.lu\/wp-content\/uploads\/2023\/03\/WhatsApp-Image-2023-03-08-at-14.00.30.jpeg\" alt=\"\" class=\"wp-image-316\"\/><\/figure>\n\n\n\n<figure class=\"wp-block-image size-large\"><img loading=\"lazy\" decoding=\"async\" width=\"300\" height=\"251\" data-id=\"312\" src=\"https:\/\/btsdc08.lnbd.lu\/wp-content\/uploads\/2023\/03\/WhatsApp-Image-2023-03-08-at-14.00.30-6.jpeg\" alt=\"\" class=\"wp-image-312\"\/><\/figure>\n\n\n\n<figure class=\"wp-block-image size-large\"><img loading=\"lazy\" decoding=\"async\" width=\"300\" height=\"158\" data-id=\"311\" src=\"https:\/\/btsdc08.lnbd.lu\/wp-content\/uploads\/2023\/03\/WhatsApp-Image-2023-03-08-at-14.00.30-4.jpeg\" alt=\"\" class=\"wp-image-311\"\/><\/figure>\n\n\n\n<figure class=\"wp-block-image size-large\"><img loading=\"lazy\" decoding=\"async\" width=\"300\" height=\"204\" data-id=\"310\" src=\"https:\/\/btsdc08.lnbd.lu\/wp-content\/uploads\/2023\/03\/WhatsApp-Image-2023-03-08-at-14.00.30-5.jpeg\" alt=\"\" class=\"wp-image-310\"\/><\/figure>\n\n\n\n<figure class=\"wp-block-image size-large\"><img loading=\"lazy\" decoding=\"async\" width=\"300\" height=\"186\" data-id=\"309\" src=\"https:\/\/btsdc08.lnbd.lu\/wp-content\/uploads\/2023\/03\/WhatsApp-Image-2023-03-08-at-14.00.30-7.jpeg\" alt=\"\" class=\"wp-image-309\"\/><\/figure>\n\n\n\n<figure class=\"wp-block-image size-large\"><img loading=\"lazy\" decoding=\"async\" width=\"300\" height=\"213\" data-id=\"315\" src=\"https:\/\/btsdc08.lnbd.lu\/wp-content\/uploads\/2023\/03\/WhatsApp-Image-2023-03-08-at-14.00.30-3.jpeg\" alt=\"\" class=\"wp-image-315\"\/><\/figure>\n\n\n\n<figure class=\"wp-block-image size-large\"><img loading=\"lazy\" decoding=\"async\" width=\"300\" height=\"195\" data-id=\"314\" src=\"https:\/\/btsdc08.lnbd.lu\/wp-content\/uploads\/2023\/03\/WhatsApp-Image-2023-03-08-at-14.00.30-1.jpeg\" alt=\"\" class=\"wp-image-314\"\/><\/figure>\n\n\n\n<figure class=\"wp-block-image size-large\"><img loading=\"lazy\" decoding=\"async\" width=\"300\" height=\"221\" data-id=\"313\" src=\"https:\/\/btsdc08.lnbd.lu\/wp-content\/uploads\/2023\/03\/WhatsApp-Image-2023-03-08-at-14.00.30-2.jpeg\" alt=\"\" class=\"wp-image-313\"\/><\/figure>\n<\/figure>\n","protected":false},"excerpt":{"rendered":"<p>La fin de l\u2019ann\u00e9e 1894 donna le r\u00e9veil \u00e0 une nouvelle soci\u00e9t\u00e9. Le besoin des r\u00e9unions amicales avait rassembl\u00e9 un certain nombre d\u2019amateurs de chant et de musique qui se &hellip; <a href=\"https:\/\/btsdc08.lnbd.lu\/?page_id=434\" class=\"more-link\">Continue reading<span class=\"screen-reader-text\"> &#8220;Historique&#8221;<\/span><\/a><\/p>\n","protected":false},"author":1,"featured_media":0,"parent":0,"menu_order":0,"comment_status":"closed","ping_status":"closed","template":"","meta":{"_eb_attr":"","footnotes":""},"class_list":["post-434","page","type-page","status-publish","hentry"],"_links":{"self":[{"href":"https:\/\/btsdc08.lnbd.lu\/index.php?rest_route=\/wp\/v2\/pages\/434","targetHints":{"allow":["GET"]}}],"collection":[{"href":"https:\/\/btsdc08.lnbd.lu\/index.php?rest_route=\/wp\/v2\/pages"}],"about":[{"href":"https:\/\/btsdc08.lnbd.lu\/index.php?rest_route=\/wp\/v2\/types\/page"}],"author":[{"embeddable":true,"href":"https:\/\/btsdc08.lnbd.lu\/index.php?rest_route=\/wp\/v2\/users\/1"}],"replies":[{"embeddable":true,"href":"https:\/\/btsdc08.lnbd.lu\/index.php?rest_route=%2Fwp%2Fv2%2Fcomments&post=434"}],"version-history":[{"count":5,"href":"https:\/\/btsdc08.lnbd.lu\/index.php?rest_route=\/wp\/v2\/pages\/434\/revisions"}],"predecessor-version":[{"id":479,"href":"https:\/\/btsdc08.lnbd.lu\/index.php?rest_route=\/wp\/v2\/pages\/434\/revisions\/479"}],"wp:attachment":[{"href":"https:\/\/btsdc08.lnbd.lu\/index.php?rest_route=%2Fwp%2Fv2%2Fmedia&parent=434"}],"curies":[{"name":"wp","href":"https:\/\/api.w.org\/{rel}","templated":true}]}}