{"id":432,"date":"2023-03-30T07:32:52","date_gmt":"2023-03-30T07:32:52","guid":{"rendered":"https:\/\/btsdc08.lnbd.lu\/?page_id=432"},"modified":"2023-03-30T08:05:44","modified_gmt":"2023-03-30T08:05:44","slug":"le-directeur","status":"publish","type":"page","link":"https:\/\/btsdc08.lnbd.lu\/?page_id=432","title":{"rendered":"Le dirigeant"},"content":{"rendered":"\n<p><strong><em>Jeff Speres<\/em><\/strong><\/p>\n\n\n\n<hr class=\"wp-block-separator has-alpha-channel-opacity\"\/>\n\n\n\n<figure class=\"wp-block-image size-large\"><img loading=\"lazy\" decoding=\"async\" width=\"1024\" height=\"712\" src=\"https:\/\/btsdc08.lnbd.lu\/wp-content\/uploads\/2023\/01\/jeff-sppperes-1024x712.jpg\" alt=\"\" class=\"wp-image-191\" srcset=\"https:\/\/btsdc08.lnbd.lu\/wp-content\/uploads\/2023\/01\/jeff-sppperes-1024x712.jpg 1024w, https:\/\/btsdc08.lnbd.lu\/wp-content\/uploads\/2023\/01\/jeff-sppperes-300x209.jpg 300w, https:\/\/btsdc08.lnbd.lu\/wp-content\/uploads\/2023\/01\/jeff-sppperes-768x534.jpg 768w, https:\/\/btsdc08.lnbd.lu\/wp-content\/uploads\/2023\/01\/jeff-sppperes.jpg 1104w\" sizes=\"auto, (max-width: 709px) 85vw, (max-width: 909px) 67vw, (max-width: 1362px) 62vw, 840px\" \/><\/figure>\n\n\n\n<blockquote class=\"wp-block-quote is-layout-flow wp-block-quote-is-layout-flow\">\n<p>N\u00e9 en 1961, Jeff Speres entame ses premi\u00e8res \u00e9tudes musicales \u00e0 l\u2019\u00e2ge de 7 ans. Apr\u00e8s le piano et l\u2019orgue, il s\u2019oriente vers le chant avec comme professeurs: Carmen Welter-Jander, Louis Landuyt et Ionel Pantea au Conservatoire de Luxembourg, ainsi que Bruno Wyzuj \u00e0 la\u00a0<em>Robert Schumann Hochschule\u00a0<\/em>\u00e0 D\u00fcsseldorf. Il apprend la direction chorale sous Pierre Cao. Il termine ses \u00e9tudes avec deux prix sup\u00e9rieurs (chant et art lyrique) au Conservatoire de Luxembourg et par la\u00a0<em>K\u00fcnstlerische Reifepr\u00fcfung\u00a0<\/em>\u00e0 D\u00fcsseldorf. Il se produit r\u00e9guli\u00e8rement en soliste au Luxembourg ainsi qu\u2019\u00e0 l\u2019\u00e9tranger \u2013 France, Allemagne, Suisse, Belgique \u2013 et participe aussi \u00e0 des productions lyriques:\u00a0<em>Cosi fan tutte, Il Barbiere di Siviglia,<\/em>\u00a0<em>Faust, Eug\u00e8ne On\u00e9guine.<\/em>\u00a0Depuis plus de trente ans, il dirige maintenant diff\u00e9rentes chorales du Grand-Duch\u00e9. Comme directeur musical de la Chorale Municipale \u00abUelzecht\u00bb, il renoue avec le pass\u00e9 prestigieux de cet ensemble. En 2012 il a obtenu un deuxi\u00e8me prix au concours international de direction d\u2019orchestre avec le Duna Symphony Orchestra \u00e0 Budapest.<\/p>\n<\/blockquote>\n","protected":false},"excerpt":{"rendered":"<p>Jeff Speres N\u00e9 en 1961, Jeff Speres entame ses premi\u00e8res \u00e9tudes musicales \u00e0 l\u2019\u00e2ge de 7 ans. Apr\u00e8s le piano et l\u2019orgue, il s\u2019oriente vers le chant avec comme professeurs: &hellip; <a href=\"https:\/\/btsdc08.lnbd.lu\/?page_id=432\" class=\"more-link\">Continue reading<span class=\"screen-reader-text\"> &#8220;Le dirigeant&#8221;<\/span><\/a><\/p>\n","protected":false},"author":1,"featured_media":0,"parent":0,"menu_order":0,"comment_status":"closed","ping_status":"closed","template":"","meta":{"_eb_attr":"","footnotes":""},"class_list":["post-432","page","type-page","status-publish","hentry"],"_links":{"self":[{"href":"https:\/\/btsdc08.lnbd.lu\/index.php?rest_route=\/wp\/v2\/pages\/432","targetHints":{"allow":["GET"]}}],"collection":[{"href":"https:\/\/btsdc08.lnbd.lu\/index.php?rest_route=\/wp\/v2\/pages"}],"about":[{"href":"https:\/\/btsdc08.lnbd.lu\/index.php?rest_route=\/wp\/v2\/types\/page"}],"author":[{"embeddable":true,"href":"https:\/\/btsdc08.lnbd.lu\/index.php?rest_route=\/wp\/v2\/users\/1"}],"replies":[{"embeddable":true,"href":"https:\/\/btsdc08.lnbd.lu\/index.php?rest_route=%2Fwp%2Fv2%2Fcomments&post=432"}],"version-history":[{"count":4,"href":"https:\/\/btsdc08.lnbd.lu\/index.php?rest_route=\/wp\/v2\/pages\/432\/revisions"}],"predecessor-version":[{"id":461,"href":"https:\/\/btsdc08.lnbd.lu\/index.php?rest_route=\/wp\/v2\/pages\/432\/revisions\/461"}],"wp:attachment":[{"href":"https:\/\/btsdc08.lnbd.lu\/index.php?rest_route=%2Fwp%2Fv2%2Fmedia&parent=432"}],"curies":[{"name":"wp","href":"https:\/\/api.w.org\/{rel}","templated":true}]}}